{"id":48,"date":"2025-05-23T17:57:52","date_gmt":"2025-05-23T17:57:52","guid":{"rendered":"https:\/\/ribrahim.vccdigitalmedia.ca\/pi\/about\/"},"modified":"2025-05-23T18:45:48","modified_gmt":"2025-05-23T18:45:48","slug":"about","status":"publish","type":"page","link":"https:\/\/ribrahim.vccdigitalmedia.ca\/pi\/about\/","title":{"rendered":"About"},"content":{"rendered":"\n<h2 class=\"wp-block-heading\">About Ramone<\/h2>\n\n\n\n<div class=\"wp-block-columns are-vertically-aligned-center is-layout-flex wp-container-core-columns-is-layout-91a76dc5 wp-block-columns-is-layout-flex\" style=\"margin-top:0;margin-right:0;margin-bottom:0;margin-left:0;padding-top:0;padding-right:0;padding-bottom:0;padding-left:0\">\n<div class=\"wp-block-column is-layout-flow wp-block-column-is-layout-flow\" style=\"flex-basis:70%\">\n<p class=\"has-text-align-center\">On sait depuis longtemps que travailler avec du texte lisible et contenant du sens est source de distractions, et emp\u00eache de se concentrer sur la mise en page elle-m\u00eame. L&#8217;avantage du Lorem Ipsum sur un texte g\u00e9n\u00e9rique comme &#8216;Du texte. Du texte. Du texte.&#8217; est qu&#8217;il poss\u00e8de une distribution de lettres plus ou moins normale, et en tout cas comparable avec celle du fran\u00e7ais standard. De nombreuses suites logicielles de mise en page ou \u00e9diteurs de sites Web ont fait du Lorem Ipsum leur faux texte par d\u00e9faut, et une recherche pour &#8216;Lorem Ipsum&#8217; vous conduira vers de nombreux sites qui n&#8217;en sont encore qu&#8217;\u00e0 leur phase de construction. Plusieurs versions sont apparues avec le temps, parfois par accident, souvent intentionnellement (histoire d&#8217;y rajouter de petits clins d&#8217;oeil, voire des phrases embarassantes).<\/p>\n<\/div>\n\n\n\n<div class=\"wp-block-column is-layout-flow wp-block-column-is-layout-flow\" style=\"flex-basis:30%\">\n<figure class=\"wp-block-image\"><img loading=\"lazy\" decoding=\"async\" width=\"683\" height=\"1024\" src=\"https:\/\/ribrahim.vccdigitalmedia.ca\/pi\/wp-content\/uploads\/2025\/05\/In_Namesti_Miru_Prague_in_September_2024-683x1024.jpg\" alt=\"\" class=\"wp-image-144\" srcset=\"https:\/\/ribrahim.vccdigitalmedia.ca\/pi\/wp-content\/uploads\/2025\/05\/In_Namesti_Miru_Prague_in_September_2024-683x1024.jpg 683w, https:\/\/ribrahim.vccdigitalmedia.ca\/pi\/wp-content\/uploads\/2025\/05\/In_Namesti_Miru_Prague_in_September_2024-200x300.jpg 200w, https:\/\/ribrahim.vccdigitalmedia.ca\/pi\/wp-content\/uploads\/2025\/05\/In_Namesti_Miru_Prague_in_September_2024-768x1152.jpg 768w, https:\/\/ribrahim.vccdigitalmedia.ca\/pi\/wp-content\/uploads\/2025\/05\/In_Namesti_Miru_Prague_in_September_2024-1024x1536.jpg 1024w, https:\/\/ribrahim.vccdigitalmedia.ca\/pi\/wp-content\/uploads\/2025\/05\/In_Namesti_Miru_Prague_in_September_2024-1365x2048.jpg 1365w, https:\/\/ribrahim.vccdigitalmedia.ca\/pi\/wp-content\/uploads\/2025\/05\/In_Namesti_Miru_Prague_in_September_2024-720x1080.jpg 720w, https:\/\/ribrahim.vccdigitalmedia.ca\/pi\/wp-content\/uploads\/2025\/05\/In_Namesti_Miru_Prague_in_September_2024-scaled.jpg 1707w\" sizes=\"(max-width: 683px) 100vw, 683px\" \/><\/figure>\n<\/div>\n<\/div>\n","protected":false},"excerpt":{"rendered":"<p>About Ramone On sait depuis longtemps que travailler avec du texte lisible et contenant du sens est source de distractions, et emp\u00eache de se concentrer sur la mise en page elle-m\u00eame. L&#8217;avantage du Lorem Ipsum sur un texte g\u00e9n\u00e9rique comme &#8216;Du texte. Du texte. Du texte.&#8217; est qu&#8217;il poss\u00e8de une distribution de lettres plus ou [&hellip;]<\/p>\n","protected":false},"author":1,"featured_media":0,"parent":0,"menu_order":0,"comment_status":"closed","ping_status":"closed","template":"full-width","meta":{"saved_in_kubio":true,"footnotes":""},"class_list":["post-48","page","type-page","status-publish","hentry"],"kubio_ai_page_context":{"short_desc":"","purpose":"general"},"_links":{"self":[{"href":"https:\/\/ribrahim.vccdigitalmedia.ca\/pi\/wp-json\/wp\/v2\/pages\/48","targetHints":{"allow":["GET"]}}],"collection":[{"href":"https:\/\/ribrahim.vccdigitalmedia.ca\/pi\/wp-json\/wp\/v2\/pages"}],"about":[{"href":"https:\/\/ribrahim.vccdigitalmedia.ca\/pi\/wp-json\/wp\/v2\/types\/page"}],"author":[{"embeddable":true,"href":"https:\/\/ribrahim.vccdigitalmedia.ca\/pi\/wp-json\/wp\/v2\/users\/1"}],"replies":[{"embeddable":true,"href":"https:\/\/ribrahim.vccdigitalmedia.ca\/pi\/wp-json\/wp\/v2\/comments?post=48"}],"version-history":[{"count":1,"href":"https:\/\/ribrahim.vccdigitalmedia.ca\/pi\/wp-json\/wp\/v2\/pages\/48\/revisions"}],"predecessor-version":[{"id":145,"href":"https:\/\/ribrahim.vccdigitalmedia.ca\/pi\/wp-json\/wp\/v2\/pages\/48\/revisions\/145"}],"wp:attachment":[{"href":"https:\/\/ribrahim.vccdigitalmedia.ca\/pi\/wp-json\/wp\/v2\/media?parent=48"}],"curies":[{"name":"wp","href":"https:\/\/api.w.org\/{rel}","templated":true}]}}